{"id":2308,"date":"2026-01-21T15:03:39","date_gmt":"2026-01-21T14:03:39","guid":{"rendered":"https:\/\/www.prismia.ch\/webinars\/"},"modified":"2026-05-16T14:36:53","modified_gmt":"2026-05-16T13:36:53","slug":"webinars","status":"publish","type":"page","link":"https:\/\/www.prismia.ch\/en\/webinars\/","title":{"rendered":"Webinars"},"content":{"rendered":"\t\t<div data-elementor-type=\"wp-page\" data-elementor-id=\"2308\" class=\"elementor elementor-2308 elementor-1984\" data-elementor-post-type=\"page\">\n\t\t\t\t<div class=\"elementor-element elementor-element-5793bc4 e-flex e-con-boxed e-con e-parent\" data-id=\"5793bc4\" data-element_type=\"container\" data-e-type=\"container\" data-settings=\"{&quot;background_background&quot;:&quot;classic&quot;}\">\n\t\t\t\t\t<div class=\"e-con-inner\">\n\t\t\t\t<div class=\"elementor-element elementor-element-38d55f5 elementor-widget elementor-widget-spacer\" data-id=\"38d55f5\" data-element_type=\"widget\" data-e-type=\"widget\" data-widget_type=\"spacer.default\">\n\t\t\t\t<div class=\"elementor-widget-container\">\n\t\t\t\t\t\t\t<div class=\"elementor-spacer\">\n\t\t\t<div class=\"elementor-spacer-inner\"><\/div>\n\t\t<\/div>\n\t\t\t\t\t\t<\/div>\n\t\t\t\t<\/div>\n\t\t\t\t<div class=\"elementor-element elementor-element-f281202 elementor-widget elementor-widget-heading\" data-id=\"f281202\" data-element_type=\"widget\" data-e-type=\"widget\" data-widget_type=\"heading.default\">\n\t\t\t\t<div class=\"elementor-widget-container\">\n\t\t\t\t\t<h1 class=\"elementor-heading-title elementor-size-default\">Webinars<\/h1>\t\t\t\t<\/div>\n\t\t\t\t<\/div>\n\t\t\t\t<div class=\"elementor-element elementor-element-b641f1d elementor-widget elementor-widget-text-editor\" data-id=\"b641f1d\" data-element_type=\"widget\" data-e-type=\"widget\" data-widget_type=\"text-editor.default\">\n\t\t\t\t<div class=\"elementor-widget-container\">\n\t\t\t\t\t\t\t\t\t<p><span style=\"font-size: 32px;\">Benefit from our feedback and expertise through our webinars, designed to inspire, inform, and support your teams in the strategic and practical adoption of artificial intelligence.<\/span><\/p>\t\t\t\t\t\t\t\t<\/div>\n\t\t\t\t<\/div>\n\t\t\t\t<div class=\"elementor-element elementor-element-fa73ebd elementor-widget elementor-widget-spacer\" data-id=\"fa73ebd\" data-element_type=\"widget\" data-e-type=\"widget\" data-widget_type=\"spacer.default\">\n\t\t\t\t<div class=\"elementor-widget-container\">\n\t\t\t\t\t\t\t<div class=\"elementor-spacer\">\n\t\t\t<div class=\"elementor-spacer-inner\"><\/div>\n\t\t<\/div>\n\t\t\t\t\t\t<\/div>\n\t\t\t\t<\/div>\n\t\t\t\t\t<\/div>\n\t\t\t\t<\/div>\n\t\t<div class=\"elementor-element elementor-element-00b30cf e-flex e-con-boxed e-con e-parent\" data-id=\"00b30cf\" data-element_type=\"container\" data-e-type=\"container\" data-settings=\"{&quot;background_background&quot;:&quot;classic&quot;}\">\n\t\t\t\t\t<div class=\"e-con-inner\">\n\t\t\t\t<div class=\"elementor-element elementor-element-b805cc7 elementor-widget elementor-widget-spacer\" data-id=\"b805cc7\" data-element_type=\"widget\" data-e-type=\"widget\" data-widget_type=\"spacer.default\">\n\t\t\t\t<div class=\"elementor-widget-container\">\n\t\t\t\t\t\t\t<div class=\"elementor-spacer\">\n\t\t\t<div class=\"elementor-spacer-inner\"><\/div>\n\t\t<\/div>\n\t\t\t\t\t\t<\/div>\n\t\t\t\t<\/div>\n\t\t<div class=\"elementor-element elementor-element-3e55230 e-grid e-con-full e-con e-child\" data-id=\"3e55230\" data-element_type=\"container\" data-e-type=\"container\">\n\t\t\t\t<div class=\"elementor-element elementor-element-2dc902b elementor-widget elementor-widget-text-editor\" data-id=\"2dc902b\" data-element_type=\"widget\" data-e-type=\"widget\" data-widget_type=\"text-editor.default\">\n\t\t\t\t<div class=\"elementor-widget-container\">\n\t\t\t\t\t\t\t\t\t<p style=\"color: #ffffff; font-size: 19.2px; text-align: justify;\">Sign up for our newsletter to stay informed about our upcoming webinars and benefit from our latest insights and experience feedback.<\/p>\t\t\t\t\t\t\t\t<\/div>\n\t\t\t\t<\/div>\n\t\t<div class=\"elementor-element elementor-element-94cfe08 e-con-full e-flex e-con e-child\" data-id=\"94cfe08\" data-element_type=\"container\" data-e-type=\"container\">\n\t\t\t\t<div class=\"elementor-element elementor-element-0da6891 elementor-widget elementor-widget-heading\" data-id=\"0da6891\" data-element_type=\"widget\" data-e-type=\"widget\" data-widget_type=\"heading.default\">\n\t\t\t\t<div class=\"elementor-widget-container\">\n\t\t\t\t\t<h2 class=\"elementor-heading-title elementor-size-default\">Subscribe<\/h2>\t\t\t\t<\/div>\n\t\t\t\t<\/div>\n\t\t\t\t<div class=\"elementor-element elementor-element-8ff887b elementor-button-align-stretch elementor-widget elementor-widget-form\" data-id=\"8ff887b\" data-element_type=\"widget\" data-e-type=\"widget\" data-settings=\"{&quot;step_next_label&quot;:&quot;Next&quot;,&quot;step_previous_label&quot;:&quot;Previous&quot;,&quot;button_width&quot;:&quot;100&quot;,&quot;step_type&quot;:&quot;number_text&quot;,&quot;step_icon_shape&quot;:&quot;circle&quot;}\" data-widget_type=\"form.default\">\n\t\t\t\t<div class=\"elementor-widget-container\">\n\t\t\t\t\t\t\t<form class=\"elementor-form\" method=\"post\" name=\"Newsletter\" aria-label=\"Newsletter\">\n\t\t\t<input type=\"hidden\" name=\"post_id\" value=\"2308\"\/>\n\t\t\t<input type=\"hidden\" name=\"form_id\" value=\"8ff887b\"\/>\n\t\t\t<input type=\"hidden\" name=\"referer_title\" value=\"Webinars - PrismIA\" \/>\n\n\t\t\t\t\t\t\t<input type=\"hidden\" name=\"queried_id\" value=\"2308\"\/>\n\t\t\t\n\t\t\t<div class=\"elementor-form-fields-wrapper elementor-labels-\">\n\t\t\t\t\t\t\t\t<div class=\"elementor-field-type-email elementor-field-group elementor-column elementor-field-group-email elementor-col-100 elementor-field-required\">\n\t\t\t\t\t\t\t\t\t\t\t\t<label for=\"form-field-email\" class=\"elementor-field-label elementor-screen-only\">\n\t\t\t\t\t\t\t\tE-mail\t\t\t\t\t\t\t<\/label>\n\t\t\t\t\t\t\t\t\t\t\t\t\t\t<input size=\"1\" type=\"email\" name=\"form_fields[email]\" id=\"form-field-email\" class=\"elementor-field elementor-size-sm  elementor-field-textual\" placeholder=\"E-mail\" required=\"required\">\n\t\t\t\t\t\t\t\t\t\t\t<\/div>\n\t\t\t\t\t\t\t\t<div class=\"elementor-field-type-acceptance elementor-field-group elementor-column elementor-field-group-consent elementor-col-100 elementor-field-required\">\n\t\t\t\t\t\t\t\t\t\t\t\t<label for=\"form-field-consent\" class=\"elementor-field-label elementor-screen-only\">\n\t\t\t\t\t\t\t\tConsent\t\t\t\t\t\t\t<\/label>\n\t\t\t\t\t\t\t\t<div class=\"elementor-field-subgroup\">\n\t\t\t<span class=\"elementor-field-option\">\n\t\t\t\t<input type=\"checkbox\" name=\"form_fields[consent]\" id=\"form-field-consent\" class=\"elementor-field elementor-size-sm  elementor-acceptance-field\" required=\"required\">\n\t\t\t\t<label for=\"form-field-consent\">I agree to the processing of this data in accordance with the <b><a href=\"https:\/\/www.prismia.ch\/privacy-policy\/\">Privacy Policy<\/a><\/b>.<\/label>\t\t\t<\/span>\n\t\t<\/div>\n\t\t\t\t\t\t<\/div>\n\t\t\t\t\t\t\t\t<div class=\"elementor-field-type-recaptcha_v3 elementor-field-group elementor-column elementor-field-group-field_8570b2d elementor-col-100 recaptcha_v3-bottomright\">\n\t\t\t\t\t<div class=\"elementor-field\" id=\"form-field-field_8570b2d\"><div class=\"elementor-g-recaptcha\" data-sitekey=\"6LcDHYEqAAAAAIrLerAEUwyBoJ24X7R8zyWmlDuC\" data-type=\"v3\" data-action=\"Form\" data-badge=\"bottomright\" data-size=\"invisible\"><\/div><\/div>\t\t\t\t<\/div>\n\t\t\t\t\t\t\t\t<div class=\"elementor-field-group elementor-column elementor-field-type-submit elementor-col-100 e-form__buttons\">\n\t\t\t\t\t<button class=\"elementor-button elementor-size-md\" type=\"submit\">\n\t\t\t\t\t\t<span class=\"elementor-button-content-wrapper\">\n\t\t\t\t\t\t\t\t\t\t\t\t\t\t\t\t\t\t\t\t\t\t<span class=\"elementor-button-text\">Subscribe<\/span>\n\t\t\t\t\t\t\t\t\t\t\t\t\t<\/span>\n\t\t\t\t\t<\/button>\n\t\t\t\t<\/div>\n\t\t\t<\/div>\n\t\t<\/form>\n\t\t\t\t\t\t<\/div>\n\t\t\t\t<\/div>\n\t\t\t\t<\/div>\n\t\t\t\t<\/div>\n\t\t\t\t<div class=\"elementor-element elementor-element-d0eda2b elementor-widget elementor-widget-spacer\" data-id=\"d0eda2b\" data-element_type=\"widget\" data-e-type=\"widget\" data-widget_type=\"spacer.default\">\n\t\t\t\t<div class=\"elementor-widget-container\">\n\t\t\t\t\t\t\t<div class=\"elementor-spacer\">\n\t\t\t<div class=\"elementor-spacer-inner\"><\/div>\n\t\t<\/div>\n\t\t\t\t\t\t<\/div>\n\t\t\t\t<\/div>\n\t\t\t\t\t<\/div>\n\t\t\t\t<\/div>\n\t\t<div class=\"elementor-element elementor-element-c08cb10 e-flex e-con-boxed e-con e-parent\" data-id=\"c08cb10\" data-element_type=\"container\" data-e-type=\"container\">\n\t\t\t\t\t<div class=\"e-con-inner\">\n\t\t\t\t<div class=\"elementor-element elementor-element-5201055 elementor-widget elementor-widget-spacer\" data-id=\"5201055\" data-element_type=\"widget\" data-e-type=\"widget\" data-widget_type=\"spacer.default\">\n\t\t\t\t<div class=\"elementor-widget-container\">\n\t\t\t\t\t\t\t<div class=\"elementor-spacer\">\n\t\t\t<div class=\"elementor-spacer-inner\"><\/div>\n\t\t<\/div>\n\t\t\t\t\t\t<\/div>\n\t\t\t\t<\/div>\n\t\t\t\t<div class=\"elementor-element elementor-element-4d09499 elementor-grid-2 elementor-grid-tablet-2 elementor-grid-mobile-1 elementor-widget elementor-widget-loop-grid\" data-id=\"4d09499\" data-element_type=\"widget\" data-e-type=\"widget\" data-settings=\"{&quot;template_id&quot;:2015,&quot;pagination_type&quot;:&quot;load_more_infinite_scroll&quot;,&quot;columns&quot;:2,&quot;columns_tablet&quot;:2,&quot;columns_mobile&quot;:1,&quot;_skin&quot;:&quot;post&quot;,&quot;edit_handle_selector&quot;:&quot;[data-elementor-type=\\&quot;loop-item\\&quot;]&quot;,&quot;load_more_spinner&quot;:{&quot;value&quot;:&quot;fas fa-spinner&quot;,&quot;library&quot;:&quot;fa-solid&quot;},&quot;row_gap&quot;:{&quot;unit&quot;:&quot;px&quot;,&quot;size&quot;:&quot;&quot;,&quot;sizes&quot;:[]},&quot;row_gap_tablet&quot;:{&quot;unit&quot;:&quot;px&quot;,&quot;size&quot;:&quot;&quot;,&quot;sizes&quot;:[]},&quot;row_gap_mobile&quot;:{&quot;unit&quot;:&quot;px&quot;,&quot;size&quot;:&quot;&quot;,&quot;sizes&quot;:[]}}\" data-widget_type=\"loop-grid.post\">\n\t\t\t\t<div class=\"elementor-widget-container\">\n\t\t\t\t\t\t\t<div class=\"e-loop-nothing-found-message\">\n\t\t<\/div>\n\t\t\t\t\t\t<\/div>\n\t\t\t\t<\/div>\n\t\t\t\t\t<\/div>\n\t\t\t\t<\/div>\n\t\t\t\t<\/div>\n\t\t","protected":false},"excerpt":{"rendered":"<p>Webinars Benefit from our feedback and expertise through our webinars, designed to inspire, inform, and support your teams in the strategic and practical adoption of artificial intelligence. Sign up for our newsletter to stay informed about our upcoming webinars and benefit from our latest insights and experience feedback. Subscribe<\/p>\n","protected":false},"author":4,"featured_media":0,"parent":0,"menu_order":0,"comment_status":"closed","ping_status":"closed","template":"elementor_header_footer","meta":{"_yoast_wpseo_focuskw":"","_yoast_wpseo_title":"","_yoast_wpseo_metadesc":"","_yoast_wpseo_linkdex":"","_yoast_wpseo_content_score":"","_elementor_version":"4.0.8","_elementor_pro_version":"4.0.4","_elementor_css":null,"footnotes":""},"class_list":["post-2308","page","type-page","status-publish","hentry"],"yoast_head":"<!-- This site is optimized with the Yoast SEO plugin v27.6 - https:\/\/yoast.com\/product\/yoast-seo-wordpress\/ -->\n<title>Webinars - PrismIA<\/title>\n<meta name=\"robots\" content=\"index, follow, max-snippet:-1, max-image-preview:large, max-video-preview:-1\" \/>\n<link rel=\"canonical\" href=\"https:\/\/www.prismia.ch\/en\/webinars\/\" \/>\n<meta property=\"og:locale\" content=\"en_US\" \/>\n<meta property=\"og:type\" content=\"article\" \/>\n<meta property=\"og:title\" content=\"Webinars - PrismIA\" \/>\n<meta property=\"og:description\" content=\"Webinars Benefit from our feedback and expertise through our webinars, designed to inspire, inform, and support your teams in the strategic and practical adoption of artificial intelligence. Sign up for our newsletter to stay informed about our upcoming webinars and benefit from our latest insights and experience feedback. Subscribe\" \/>\n<meta property=\"og:url\" content=\"https:\/\/www.prismia.ch\/en\/webinars\/\" \/>\n<meta property=\"og:site_name\" content=\"PrismIA\" \/>\n<meta property=\"article:modified_time\" content=\"2026-05-16T13:36:53+00:00\" \/>\n<meta name=\"twitter:card\" content=\"summary_large_image\" \/>\n<script type=\"application\/ld+json\" class=\"yoast-schema-graph\">{\"@context\":\"https:\\\/\\\/schema.org\",\"@graph\":[{\"@type\":\"WebPage\",\"@id\":\"https:\\\/\\\/www.prismia.ch\\\/en\\\/webinars\\\/\",\"url\":\"https:\\\/\\\/www.prismia.ch\\\/en\\\/webinars\\\/\",\"name\":\"Webinars - PrismIA\",\"isPartOf\":{\"@id\":\"https:\\\/\\\/www.prismia.ch\\\/en\\\/#website\"},\"datePublished\":\"2026-01-21T14:03:39+00:00\",\"dateModified\":\"2026-05-16T13:36:53+00:00\",\"breadcrumb\":{\"@id\":\"https:\\\/\\\/www.prismia.ch\\\/en\\\/webinars\\\/#breadcrumb\"},\"inLanguage\":\"en-US\",\"potentialAction\":[{\"@type\":\"ReadAction\",\"target\":[\"https:\\\/\\\/www.prismia.ch\\\/en\\\/webinars\\\/\"]}]},{\"@type\":\"BreadcrumbList\",\"@id\":\"https:\\\/\\\/www.prismia.ch\\\/en\\\/webinars\\\/#breadcrumb\",\"itemListElement\":[{\"@type\":\"ListItem\",\"position\":1,\"name\":\"Accueil\",\"item\":\"https:\\\/\\\/www.prismia.ch\\\/en\\\/home\\\/\"},{\"@type\":\"ListItem\",\"position\":2,\"name\":\"Webinars\"}]},{\"@type\":\"WebSite\",\"@id\":\"https:\\\/\\\/www.prismia.ch\\\/en\\\/#website\",\"url\":\"https:\\\/\\\/www.prismia.ch\\\/en\\\/\",\"name\":\"PrismIA\",\"description\":\"\",\"publisher\":{\"@id\":\"https:\\\/\\\/www.prismia.ch\\\/en\\\/#organization\"},\"potentialAction\":[{\"@type\":\"SearchAction\",\"target\":{\"@type\":\"EntryPoint\",\"urlTemplate\":\"https:\\\/\\\/www.prismia.ch\\\/en\\\/?s={search_term_string}\"},\"query-input\":{\"@type\":\"PropertyValueSpecification\",\"valueRequired\":true,\"valueName\":\"search_term_string\"}}],\"inLanguage\":\"en-US\"},{\"@type\":[\"Organization\",\"ProfessionalService\"],\"@id\":\"https:\\\/\\\/www.prismia.ch\\\/en\\\/#organization\",\"name\":\"PrismIA S\u00e0rl\",\"url\":\"https:\\\/\\\/www.prismia.ch\\\/en\\\/\",\"logo\":{\"@type\":\"ImageObject\",\"inLanguage\":\"en-US\",\"@id\":\"https:\\\/\\\/www.prismia.ch\\\/en\\\/#\\\/schema\\\/logo\\\/image\\\/\",\"url\":\"https:\\\/\\\/www.prismia.ch\\\/wp-content\\\/uploads\\\/2024\\\/11\\\/PIA_logo_415x90-e1739004471809.webp\",\"contentUrl\":\"https:\\\/\\\/www.prismia.ch\\\/wp-content\\\/uploads\\\/2024\\\/11\\\/PIA_logo_415x90-e1739004471809.webp\",\"width\":200,\"height\":43,\"caption\":\"PrismIA S\u00e0rl\"},\"image\":{\"@id\":\"https:\\\/\\\/www.prismia.ch\\\/en\\\/#\\\/schema\\\/logo\\\/image\\\/\"},\"description\":\"PrismIA est une agence d'intelligence artificielle bas\u00e9e \u00e0 Gen\u00e8ve. Nous accompagnons les PME et grandes entreprises suisses dans l'adoption responsable de l'IA : conseil strat\u00e9gique, formations sur mesure, audit et int\u00e9gration de solutions.\",\"address\":{\"@type\":\"PostalAddress\",\"streetAddress\":\"Chemin Franck-Thomas 34\",\"postalCode\":\"1208\",\"addressLocality\":\"Gen\u00e8ve\",\"addressRegion\":\"GE\",\"addressCountry\":\"CH\"},\"telephone\":\"+41 22 566 94 00\",\"email\":\"info@prismia.ch\",\"geo\":{\"@type\":\"GeoCoordinates\",\"latitude\":46.203807649278424,\"longitude\":6.1732832963451445},\"sameAs\":[\"https:\\\/\\\/www.linkedin.com\\\/company\\\/prismia-ch\"],\"areaServed\":[{\"@type\":\"Country\",\"name\":\"Switzerland\"},{\"@type\":\"AdministrativeArea\",\"name\":\"Suisse romande\"},{\"@type\":\"City\",\"name\":\"Gen\u00e8ve\"}],\"knowsAbout\":[\"Intelligence artificielle\",\"Formation IA\",\"Audit IA\",\"Int\u00e9gration IA\",\"Conseil IA\",\"Gouvernance IA\",\"IA g\u00e9n\u00e9rative\",\"Strat\u00e9gie IA\",\"IA en entreprise\",\"IA responsable\"],\"priceRange\":\"$$\",\"openingHoursSpecification\":{\"@type\":\"OpeningHoursSpecification\",\"dayOfWeek\":[\"Monday\",\"Tuesday\",\"Wednesday\",\"Thursday\",\"Friday\"],\"opens\":\"09:00\",\"closes\":\"18:00\"},\"foundingDate\":\"2024\",\"slogan\":\"B\u00e2tissez le futur de votre entreprise avec des solutions IA s\u00e9curis\u00e9es\"}]}<\/script>\n<!-- \/ Yoast SEO plugin. -->","yoast_head_json":{"title":"Webinars - PrismIA","robots":{"index":"index","follow":"follow","max-snippet":"max-snippet:-1","max-image-preview":"max-image-preview:large","max-video-preview":"max-video-preview:-1"},"canonical":"https:\/\/www.prismia.ch\/en\/webinars\/","og_locale":"en_US","og_type":"article","og_title":"Webinars - PrismIA","og_description":"Webinars Benefit from our feedback and expertise through our webinars, designed to inspire, inform, and support your teams in the strategic and practical adoption of artificial intelligence. Sign up for our newsletter to stay informed about our upcoming webinars and benefit from our latest insights and experience feedback. Subscribe","og_url":"https:\/\/www.prismia.ch\/en\/webinars\/","og_site_name":"PrismIA","article_modified_time":"2026-05-16T13:36:53+00:00","twitter_card":"summary_large_image","schema":{"@context":"https:\/\/schema.org","@graph":[{"@type":"WebPage","@id":"https:\/\/www.prismia.ch\/en\/webinars\/","url":"https:\/\/www.prismia.ch\/en\/webinars\/","name":"Webinars - PrismIA","isPartOf":{"@id":"https:\/\/www.prismia.ch\/en\/#website"},"datePublished":"2026-01-21T14:03:39+00:00","dateModified":"2026-05-16T13:36:53+00:00","breadcrumb":{"@id":"https:\/\/www.prismia.ch\/en\/webinars\/#breadcrumb"},"inLanguage":"en-US","potentialAction":[{"@type":"ReadAction","target":["https:\/\/www.prismia.ch\/en\/webinars\/"]}]},{"@type":"BreadcrumbList","@id":"https:\/\/www.prismia.ch\/en\/webinars\/#breadcrumb","itemListElement":[{"@type":"ListItem","position":1,"name":"Accueil","item":"https:\/\/www.prismia.ch\/en\/home\/"},{"@type":"ListItem","position":2,"name":"Webinars"}]},{"@type":"WebSite","@id":"https:\/\/www.prismia.ch\/en\/#website","url":"https:\/\/www.prismia.ch\/en\/","name":"PrismIA","description":"","publisher":{"@id":"https:\/\/www.prismia.ch\/en\/#organization"},"potentialAction":[{"@type":"SearchAction","target":{"@type":"EntryPoint","urlTemplate":"https:\/\/www.prismia.ch\/en\/?s={search_term_string}"},"query-input":{"@type":"PropertyValueSpecification","valueRequired":true,"valueName":"search_term_string"}}],"inLanguage":"en-US"},{"@type":["Organization","ProfessionalService"],"@id":"https:\/\/www.prismia.ch\/en\/#organization","name":"PrismIA S\u00e0rl","url":"https:\/\/www.prismia.ch\/en\/","logo":{"@type":"ImageObject","inLanguage":"en-US","@id":"https:\/\/www.prismia.ch\/en\/#\/schema\/logo\/image\/","url":"https:\/\/www.prismia.ch\/wp-content\/uploads\/2024\/11\/PIA_logo_415x90-e1739004471809.webp","contentUrl":"https:\/\/www.prismia.ch\/wp-content\/uploads\/2024\/11\/PIA_logo_415x90-e1739004471809.webp","width":200,"height":43,"caption":"PrismIA S\u00e0rl"},"image":{"@id":"https:\/\/www.prismia.ch\/en\/#\/schema\/logo\/image\/"},"description":"PrismIA est une agence d'intelligence artificielle bas\u00e9e \u00e0 Gen\u00e8ve. Nous accompagnons les PME et grandes entreprises suisses dans l'adoption responsable de l'IA : conseil strat\u00e9gique, formations sur mesure, audit et int\u00e9gration de solutions.","address":{"@type":"PostalAddress","streetAddress":"Chemin Franck-Thomas 34","postalCode":"1208","addressLocality":"Gen\u00e8ve","addressRegion":"GE","addressCountry":"CH"},"telephone":"+41 22 566 94 00","email":"info@prismia.ch","geo":{"@type":"GeoCoordinates","latitude":46.203807649278424,"longitude":6.1732832963451445},"sameAs":["https:\/\/www.linkedin.com\/company\/prismia-ch"],"areaServed":[{"@type":"Country","name":"Switzerland"},{"@type":"AdministrativeArea","name":"Suisse romande"},{"@type":"City","name":"Gen\u00e8ve"}],"knowsAbout":["Intelligence artificielle","Formation IA","Audit IA","Int\u00e9gration IA","Conseil IA","Gouvernance IA","IA g\u00e9n\u00e9rative","Strat\u00e9gie IA","IA en entreprise","IA responsable"],"priceRange":"$$","openingHoursSpecification":{"@type":"OpeningHoursSpecification","dayOfWeek":["Monday","Tuesday","Wednesday","Thursday","Friday"],"opens":"09:00","closes":"18:00"},"foundingDate":"2024","slogan":"B\u00e2tissez le futur de votre entreprise avec des solutions IA s\u00e9curis\u00e9es"}]}},"jetpack_sharing_enabled":true,"_links":{"self":[{"href":"https:\/\/www.prismia.ch\/en\/wp-json\/wp\/v2\/pages\/2308","targetHints":{"allow":["GET"]}}],"collection":[{"href":"https:\/\/www.prismia.ch\/en\/wp-json\/wp\/v2\/pages"}],"about":[{"href":"https:\/\/www.prismia.ch\/en\/wp-json\/wp\/v2\/types\/page"}],"author":[{"embeddable":true,"href":"https:\/\/www.prismia.ch\/en\/wp-json\/wp\/v2\/users\/4"}],"replies":[{"embeddable":true,"href":"https:\/\/www.prismia.ch\/en\/wp-json\/wp\/v2\/comments?post=2308"}],"version-history":[{"count":5,"href":"https:\/\/www.prismia.ch\/en\/wp-json\/wp\/v2\/pages\/2308\/revisions"}],"predecessor-version":[{"id":2750,"href":"https:\/\/www.prismia.ch\/en\/wp-json\/wp\/v2\/pages\/2308\/revisions\/2750"}],"wp:attachment":[{"href":"https:\/\/www.prismia.ch\/en\/wp-json\/wp\/v2\/media?parent=2308"}],"curies":[{"name":"wp","href":"https:\/\/api.w.org\/{rel}","templated":true}]}}