{"id":2306,"date":"2026-03-26T18:24:21","date_gmt":"2026-03-26T17:24:21","guid":{"rendered":"https:\/\/www.prismia.ch\/bullshitometer\/"},"modified":"2026-05-16T09:40:34","modified_gmt":"2026-05-16T08:40:34","slug":"bullshitometer","status":"publish","type":"page","link":"https:\/\/www.prismia.ch\/en\/bullshitometer\/","title":{"rendered":"Bullshitometer"},"content":{"rendered":"\t\t<div data-elementor-type=\"wp-page\" data-elementor-id=\"2306\" class=\"elementor elementor-2306 elementor-2272\" data-elementor-post-type=\"page\">\n\t\t\t\t<div class=\"elementor-element elementor-element-1c8bf4e e-flex e-con-boxed e-con e-parent\" data-id=\"1c8bf4e\" data-element_type=\"container\" data-e-type=\"container\" data-settings=\"{&quot;background_background&quot;:&quot;classic&quot;}\">\n\t\t\t\t\t<div class=\"e-con-inner\">\n\t\t\t\t<div class=\"elementor-element elementor-element-f0e4cf4 elementor-widget elementor-widget-html\" data-id=\"f0e4cf4\" data-element_type=\"widget\" data-e-type=\"widget\" data-widget_type=\"html.default\">\n\t\t\t\t<div class=\"elementor-widget-container\">\n\t\t\t\t\t<h1 style=\"position:absolute;width:1px;height:1px;padding:0;margin:-1px;overflow:hidden;clip:rect(0,0,0,0);white-space:nowrap;border:0;\">AI Bullshitometer<\/h1>\n  <iframe\r\n      id=\"bullshitometer-frame\"\r\n      src=\"https:\/\/ca-bullshitometer-prod-chn-001.whiteriver-c6ea2f90.switzerlandnorth.azurecontainerapps.io\"\r\n      width=\"100%\"\r\n      style=\"border: none; border-radius: 12px; display: block;\"\r\n      loading=\"lazy\"\r\n      allow=\"clipboard-write\"\r\n      title=\"Bullshitometer\"\r\n    ><\/iframe>\r\n\r\n    <script>\r\n    window.addEventListener('message', function(e) {\r\n      if (e.data && e.data.height) {\r\n        document.getElementById('bullshitometer-frame').style.height = e.data.height + 'px';\r\n      }\r\n    });\r\n    <\/script>\t\t\t\t<\/div>\n\t\t\t\t<\/div>\n\t\t\t\t\t<\/div>\n\t\t\t\t<\/div>\n\t\t\t\t<\/div>\n\t\t","protected":false},"excerpt":{"rendered":"<p>AI Bullshitometer<\/p>\n","protected":false},"author":4,"featured_media":0,"parent":0,"menu_order":0,"comment_status":"closed","ping_status":"closed","template":"","meta":{"_yoast_wpseo_focuskw":"","_yoast_wpseo_title":"","_yoast_wpseo_metadesc":"","_yoast_wpseo_linkdex":"","_yoast_wpseo_content_score":"90","_elementor_version":"4.0.8","_elementor_pro_version":"4.0.4","_elementor_css":null,"footnotes":""},"class_list":["post-2306","page","type-page","status-publish","hentry"],"yoast_head":"<!-- This site is optimized with the Yoast SEO plugin v27.6 - https:\/\/yoast.com\/product\/yoast-seo-wordpress\/ -->\n<title>Bullshitometer - PrismIA<\/title>\n<meta name=\"robots\" content=\"index, follow, max-snippet:-1, max-image-preview:large, max-video-preview:-1\" \/>\n<link rel=\"canonical\" href=\"https:\/\/www.prismia.ch\/en\/bullshitometer\/\" \/>\n<meta property=\"og:locale\" content=\"en_US\" \/>\n<meta property=\"og:type\" content=\"article\" \/>\n<meta property=\"og:title\" content=\"Bullshitometer - PrismIA\" \/>\n<meta property=\"og:description\" content=\"AI Bullshitometer\" \/>\n<meta property=\"og:url\" content=\"https:\/\/www.prismia.ch\/en\/bullshitometer\/\" \/>\n<meta property=\"og:site_name\" content=\"PrismIA\" \/>\n<meta property=\"article:modified_time\" content=\"2026-05-16T08:40:34+00:00\" \/>\n<meta name=\"twitter:card\" content=\"summary_large_image\" \/>\n<script type=\"application\/ld+json\" class=\"yoast-schema-graph\">{\"@context\":\"https:\\\/\\\/schema.org\",\"@graph\":[{\"@type\":\"WebPage\",\"@id\":\"https:\\\/\\\/www.prismia.ch\\\/en\\\/bullshitometer\\\/\",\"url\":\"https:\\\/\\\/www.prismia.ch\\\/en\\\/bullshitometer\\\/\",\"name\":\"Bullshitometer - PrismIA\",\"isPartOf\":{\"@id\":\"https:\\\/\\\/www.prismia.ch\\\/en\\\/#website\"},\"datePublished\":\"2026-03-26T17:24:21+00:00\",\"dateModified\":\"2026-05-16T08:40:34+00:00\",\"breadcrumb\":{\"@id\":\"https:\\\/\\\/www.prismia.ch\\\/en\\\/bullshitometer\\\/#breadcrumb\"},\"inLanguage\":\"en-US\",\"potentialAction\":[{\"@type\":\"ReadAction\",\"target\":[\"https:\\\/\\\/www.prismia.ch\\\/en\\\/bullshitometer\\\/\"]}]},{\"@type\":\"BreadcrumbList\",\"@id\":\"https:\\\/\\\/www.prismia.ch\\\/en\\\/bullshitometer\\\/#breadcrumb\",\"itemListElement\":[{\"@type\":\"ListItem\",\"position\":1,\"name\":\"Accueil\",\"item\":\"https:\\\/\\\/www.prismia.ch\\\/en\\\/home\\\/\"},{\"@type\":\"ListItem\",\"position\":2,\"name\":\"Bullshitometer\"}]},{\"@type\":\"WebSite\",\"@id\":\"https:\\\/\\\/www.prismia.ch\\\/en\\\/#website\",\"url\":\"https:\\\/\\\/www.prismia.ch\\\/en\\\/\",\"name\":\"PrismIA\",\"description\":\"\",\"publisher\":{\"@id\":\"https:\\\/\\\/www.prismia.ch\\\/en\\\/#organization\"},\"potentialAction\":[{\"@type\":\"SearchAction\",\"target\":{\"@type\":\"EntryPoint\",\"urlTemplate\":\"https:\\\/\\\/www.prismia.ch\\\/en\\\/?s={search_term_string}\"},\"query-input\":{\"@type\":\"PropertyValueSpecification\",\"valueRequired\":true,\"valueName\":\"search_term_string\"}}],\"inLanguage\":\"en-US\"},{\"@type\":[\"Organization\",\"ProfessionalService\"],\"@id\":\"https:\\\/\\\/www.prismia.ch\\\/en\\\/#organization\",\"name\":\"PrismIA S\u00e0rl\",\"url\":\"https:\\\/\\\/www.prismia.ch\\\/en\\\/\",\"logo\":{\"@type\":\"ImageObject\",\"inLanguage\":\"en-US\",\"@id\":\"https:\\\/\\\/www.prismia.ch\\\/en\\\/#\\\/schema\\\/logo\\\/image\\\/\",\"url\":\"https:\\\/\\\/www.prismia.ch\\\/wp-content\\\/uploads\\\/2024\\\/11\\\/PIA_logo_415x90-e1739004471809.webp\",\"contentUrl\":\"https:\\\/\\\/www.prismia.ch\\\/wp-content\\\/uploads\\\/2024\\\/11\\\/PIA_logo_415x90-e1739004471809.webp\",\"width\":200,\"height\":43,\"caption\":\"PrismIA S\u00e0rl\"},\"image\":{\"@id\":\"https:\\\/\\\/www.prismia.ch\\\/en\\\/#\\\/schema\\\/logo\\\/image\\\/\"},\"description\":\"PrismIA est une agence d'intelligence artificielle bas\u00e9e \u00e0 Gen\u00e8ve. Nous accompagnons les PME et grandes entreprises suisses dans l'adoption responsable de l'IA : conseil strat\u00e9gique, formations sur mesure, audit et int\u00e9gration de solutions.\",\"address\":{\"@type\":\"PostalAddress\",\"streetAddress\":\"Chemin Franck-Thomas 34\",\"postalCode\":\"1208\",\"addressLocality\":\"Gen\u00e8ve\",\"addressRegion\":\"GE\",\"addressCountry\":\"CH\"},\"telephone\":\"+41 22 566 94 00\",\"email\":\"info@prismia.ch\",\"geo\":{\"@type\":\"GeoCoordinates\",\"latitude\":46.203807649278424,\"longitude\":6.1732832963451445},\"sameAs\":[\"https:\\\/\\\/www.linkedin.com\\\/company\\\/prismia-ch\"],\"areaServed\":[{\"@type\":\"Country\",\"name\":\"Switzerland\"},{\"@type\":\"AdministrativeArea\",\"name\":\"Suisse romande\"},{\"@type\":\"City\",\"name\":\"Gen\u00e8ve\"}],\"knowsAbout\":[\"Intelligence artificielle\",\"Formation IA\",\"Audit IA\",\"Int\u00e9gration IA\",\"Conseil IA\",\"Gouvernance IA\",\"IA g\u00e9n\u00e9rative\",\"Strat\u00e9gie IA\",\"IA en entreprise\",\"IA responsable\"],\"priceRange\":\"$$\",\"openingHoursSpecification\":{\"@type\":\"OpeningHoursSpecification\",\"dayOfWeek\":[\"Monday\",\"Tuesday\",\"Wednesday\",\"Thursday\",\"Friday\"],\"opens\":\"09:00\",\"closes\":\"18:00\"},\"foundingDate\":\"2024\",\"slogan\":\"B\u00e2tissez le futur de votre entreprise avec des solutions IA s\u00e9curis\u00e9es\"}]}<\/script>\n<!-- \/ Yoast SEO plugin. -->","yoast_head_json":{"title":"Bullshitometer - PrismIA","robots":{"index":"index","follow":"follow","max-snippet":"max-snippet:-1","max-image-preview":"max-image-preview:large","max-video-preview":"max-video-preview:-1"},"canonical":"https:\/\/www.prismia.ch\/en\/bullshitometer\/","og_locale":"en_US","og_type":"article","og_title":"Bullshitometer - PrismIA","og_description":"AI Bullshitometer","og_url":"https:\/\/www.prismia.ch\/en\/bullshitometer\/","og_site_name":"PrismIA","article_modified_time":"2026-05-16T08:40:34+00:00","twitter_card":"summary_large_image","schema":{"@context":"https:\/\/schema.org","@graph":[{"@type":"WebPage","@id":"https:\/\/www.prismia.ch\/en\/bullshitometer\/","url":"https:\/\/www.prismia.ch\/en\/bullshitometer\/","name":"Bullshitometer - PrismIA","isPartOf":{"@id":"https:\/\/www.prismia.ch\/en\/#website"},"datePublished":"2026-03-26T17:24:21+00:00","dateModified":"2026-05-16T08:40:34+00:00","breadcrumb":{"@id":"https:\/\/www.prismia.ch\/en\/bullshitometer\/#breadcrumb"},"inLanguage":"en-US","potentialAction":[{"@type":"ReadAction","target":["https:\/\/www.prismia.ch\/en\/bullshitometer\/"]}]},{"@type":"BreadcrumbList","@id":"https:\/\/www.prismia.ch\/en\/bullshitometer\/#breadcrumb","itemListElement":[{"@type":"ListItem","position":1,"name":"Accueil","item":"https:\/\/www.prismia.ch\/en\/home\/"},{"@type":"ListItem","position":2,"name":"Bullshitometer"}]},{"@type":"WebSite","@id":"https:\/\/www.prismia.ch\/en\/#website","url":"https:\/\/www.prismia.ch\/en\/","name":"PrismIA","description":"","publisher":{"@id":"https:\/\/www.prismia.ch\/en\/#organization"},"potentialAction":[{"@type":"SearchAction","target":{"@type":"EntryPoint","urlTemplate":"https:\/\/www.prismia.ch\/en\/?s={search_term_string}"},"query-input":{"@type":"PropertyValueSpecification","valueRequired":true,"valueName":"search_term_string"}}],"inLanguage":"en-US"},{"@type":["Organization","ProfessionalService"],"@id":"https:\/\/www.prismia.ch\/en\/#organization","name":"PrismIA S\u00e0rl","url":"https:\/\/www.prismia.ch\/en\/","logo":{"@type":"ImageObject","inLanguage":"en-US","@id":"https:\/\/www.prismia.ch\/en\/#\/schema\/logo\/image\/","url":"https:\/\/www.prismia.ch\/wp-content\/uploads\/2024\/11\/PIA_logo_415x90-e1739004471809.webp","contentUrl":"https:\/\/www.prismia.ch\/wp-content\/uploads\/2024\/11\/PIA_logo_415x90-e1739004471809.webp","width":200,"height":43,"caption":"PrismIA S\u00e0rl"},"image":{"@id":"https:\/\/www.prismia.ch\/en\/#\/schema\/logo\/image\/"},"description":"PrismIA est une agence d'intelligence artificielle bas\u00e9e \u00e0 Gen\u00e8ve. Nous accompagnons les PME et grandes entreprises suisses dans l'adoption responsable de l'IA : conseil strat\u00e9gique, formations sur mesure, audit et int\u00e9gration de solutions.","address":{"@type":"PostalAddress","streetAddress":"Chemin Franck-Thomas 34","postalCode":"1208","addressLocality":"Gen\u00e8ve","addressRegion":"GE","addressCountry":"CH"},"telephone":"+41 22 566 94 00","email":"info@prismia.ch","geo":{"@type":"GeoCoordinates","latitude":46.203807649278424,"longitude":6.1732832963451445},"sameAs":["https:\/\/www.linkedin.com\/company\/prismia-ch"],"areaServed":[{"@type":"Country","name":"Switzerland"},{"@type":"AdministrativeArea","name":"Suisse romande"},{"@type":"City","name":"Gen\u00e8ve"}],"knowsAbout":["Intelligence artificielle","Formation IA","Audit IA","Int\u00e9gration IA","Conseil IA","Gouvernance IA","IA g\u00e9n\u00e9rative","Strat\u00e9gie IA","IA en entreprise","IA responsable"],"priceRange":"$$","openingHoursSpecification":{"@type":"OpeningHoursSpecification","dayOfWeek":["Monday","Tuesday","Wednesday","Thursday","Friday"],"opens":"09:00","closes":"18:00"},"foundingDate":"2024","slogan":"B\u00e2tissez le futur de votre entreprise avec des solutions IA s\u00e9curis\u00e9es"}]}},"jetpack_sharing_enabled":true,"_links":{"self":[{"href":"https:\/\/www.prismia.ch\/en\/wp-json\/wp\/v2\/pages\/2306","targetHints":{"allow":["GET"]}}],"collection":[{"href":"https:\/\/www.prismia.ch\/en\/wp-json\/wp\/v2\/pages"}],"about":[{"href":"https:\/\/www.prismia.ch\/en\/wp-json\/wp\/v2\/types\/page"}],"author":[{"embeddable":true,"href":"https:\/\/www.prismia.ch\/en\/wp-json\/wp\/v2\/users\/4"}],"replies":[{"embeddable":true,"href":"https:\/\/www.prismia.ch\/en\/wp-json\/wp\/v2\/comments?post=2306"}],"version-history":[{"count":5,"href":"https:\/\/www.prismia.ch\/en\/wp-json\/wp\/v2\/pages\/2306\/revisions"}],"predecessor-version":[{"id":2706,"href":"https:\/\/www.prismia.ch\/en\/wp-json\/wp\/v2\/pages\/2306\/revisions\/2706"}],"wp:attachment":[{"href":"https:\/\/www.prismia.ch\/en\/wp-json\/wp\/v2\/media?parent=2306"}],"curies":[{"name":"wp","href":"https:\/\/api.w.org\/{rel}","templated":true}]}}