{"id":2214,"date":"2026-01-14T17:43:53","date_gmt":"2026-01-14T16:43:53","guid":{"rendered":"https:\/\/www.prismia.ch\/our-products\/"},"modified":"2026-02-17T17:25:56","modified_gmt":"2026-02-17T16:25:56","slug":"our-products","status":"publish","type":"page","link":"https:\/\/www.prismia.ch\/en\/our-products\/","title":{"rendered":"Our Products"},"content":{"rendered":"\t\t<div data-elementor-type=\"wp-page\" data-elementor-id=\"2214\" class=\"elementor elementor-2214 elementor-1922\" data-elementor-post-type=\"page\">\n\t\t\t\t<div class=\"elementor-element elementor-element-0ddf59c e-flex e-con-boxed e-con e-parent\" data-id=\"0ddf59c\" data-element_type=\"container\" data-e-type=\"container\" data-settings=\"{&quot;background_background&quot;:&quot;classic&quot;}\">\n\t\t\t\t\t<div class=\"e-con-inner\">\n\t\t\t\t<div class=\"elementor-element elementor-element-aeb0099 elementor-widget elementor-widget-spacer\" data-id=\"aeb0099\" data-element_type=\"widget\" data-e-type=\"widget\" data-widget_type=\"spacer.default\">\n\t\t\t\t<div class=\"elementor-widget-container\">\n\t\t\t\t\t\t\t<div class=\"elementor-spacer\">\n\t\t\t<div class=\"elementor-spacer-inner\"><\/div>\n\t\t<\/div>\n\t\t\t\t\t\t<\/div>\n\t\t\t\t<\/div>\n\t\t\t\t<div class=\"elementor-element elementor-element-01439c5 elementor-widget elementor-widget-text-editor\" data-id=\"01439c5\" data-element_type=\"widget\" data-e-type=\"widget\" data-widget_type=\"text-editor.default\">\n\t\t\t\t<div class=\"elementor-widget-container\">\n\t\t\t\t\t\t\t\t\t<p><span style=\"font-size: 60.8px; font-weight: 900;\">Our Products<\/span><\/p>\t\t\t\t\t\t\t\t<\/div>\n\t\t\t\t<\/div>\n\t\t\t\t<div class=\"elementor-element elementor-element-a040e8f elementor-widget elementor-widget-text-editor\" data-id=\"a040e8f\" data-element_type=\"widget\" data-e-type=\"widget\" data-widget_type=\"text-editor.default\">\n\t\t\t\t<div class=\"elementor-widget-container\">\n\t\t\t\t\t\t\t\t\t<p><span style=\"font-size: 32px;\">Accelerate your transformation with secure, ready\u2011to\u2011use AI products designed to deliver value from day one.<\/span><\/p>\t\t\t\t\t\t\t\t<\/div>\n\t\t\t\t<\/div>\n\t\t\t\t<div class=\"elementor-element elementor-element-d85dd62 elementor-widget elementor-widget-spacer\" data-id=\"d85dd62\" data-element_type=\"widget\" data-e-type=\"widget\" data-widget_type=\"spacer.default\">\n\t\t\t\t<div class=\"elementor-widget-container\">\n\t\t\t\t\t\t\t<div class=\"elementor-spacer\">\n\t\t\t<div class=\"elementor-spacer-inner\"><\/div>\n\t\t<\/div>\n\t\t\t\t\t\t<\/div>\n\t\t\t\t<\/div>\n\t\t\t\t\t<\/div>\n\t\t\t\t<\/div>\n\t\t<div class=\"elementor-element elementor-element-8375e59 e-flex e-con-boxed e-con e-parent\" data-id=\"8375e59\" data-element_type=\"container\" data-e-type=\"container\" data-settings=\"{&quot;background_background&quot;:&quot;classic&quot;}\">\n\t\t\t\t\t<div class=\"e-con-inner\">\n\t\t\t\t<div class=\"elementor-element elementor-element-66bce35 elementor-widget elementor-widget-spacer\" data-id=\"66bce35\" data-element_type=\"widget\" data-e-type=\"widget\" data-widget_type=\"spacer.default\">\n\t\t\t\t<div class=\"elementor-widget-container\">\n\t\t\t\t\t\t\t<div class=\"elementor-spacer\">\n\t\t\t<div class=\"elementor-spacer-inner\"><\/div>\n\t\t<\/div>\n\t\t\t\t\t\t<\/div>\n\t\t\t\t<\/div>\n\t\t\t\t<div class=\"elementor-element elementor-element-5e2f1ee elementor-widget elementor-widget-text-editor\" data-id=\"5e2f1ee\" data-element_type=\"widget\" data-e-type=\"widget\" data-widget_type=\"text-editor.default\">\n\t\t\t\t<div class=\"elementor-widget-container\">\n\t\t\t\t\t\t\t\t\t<p style=\"color: #ffffff; font-size: 19.2px; text-align: justify;\">Our AI products are designed to offer a simple, sovereign, and immediately useful experience. They are built on proven enterprise use cases, ensuring concrete and measurable value from the moment they are deployed. Thanks to their intuitive design and controlled governance, you retain full control over your data while accelerating AI adoption within your organization. Each product is crafted to solve a real, field\u2011validated need and to deliver a clear, rapid, and sustainable return on investment.   <\/p>\t\t\t\t\t\t\t\t<\/div>\n\t\t\t\t<\/div>\n\t\t\t\t<div class=\"elementor-element elementor-element-ff425ce elementor-widget elementor-widget-spacer\" data-id=\"ff425ce\" data-element_type=\"widget\" data-e-type=\"widget\" data-widget_type=\"spacer.default\">\n\t\t\t\t<div class=\"elementor-widget-container\">\n\t\t\t\t\t\t\t<div class=\"elementor-spacer\">\n\t\t\t<div class=\"elementor-spacer-inner\"><\/div>\n\t\t<\/div>\n\t\t\t\t\t\t<\/div>\n\t\t\t\t<\/div>\n\t\t\t\t\t<\/div>\n\t\t\t\t<\/div>\n\t\t<div class=\"elementor-element elementor-element-13f1bb3 e-flex e-con-boxed e-con e-parent\" data-id=\"13f1bb3\" data-element_type=\"container\" data-e-type=\"container\">\n\t\t\t\t\t<div class=\"e-con-inner\">\n\t\t\t\t<div class=\"elementor-element elementor-element-6ad0b13 elementor-grid-2 elementor-grid-tablet-2 elementor-grid-mobile-1 elementor-widget elementor-widget-loop-grid\" data-id=\"6ad0b13\" data-element_type=\"widget\" data-e-type=\"widget\" data-settings=\"{&quot;template_id&quot;:1924,&quot;pagination_type&quot;:&quot;load_more_infinite_scroll&quot;,&quot;columns&quot;:2,&quot;_skin&quot;:&quot;post&quot;,&quot;columns_tablet&quot;:&quot;2&quot;,&quot;columns_mobile&quot;:&quot;1&quot;,&quot;edit_handle_selector&quot;:&quot;[data-elementor-type=\\&quot;loop-item\\&quot;]&quot;,&quot;load_more_spinner&quot;:{&quot;value&quot;:&quot;fas fa-spinner&quot;,&quot;library&quot;:&quot;fa-solid&quot;},&quot;row_gap&quot;:{&quot;unit&quot;:&quot;px&quot;,&quot;size&quot;:&quot;&quot;,&quot;sizes&quot;:[]},&quot;row_gap_tablet&quot;:{&quot;unit&quot;:&quot;px&quot;,&quot;size&quot;:&quot;&quot;,&quot;sizes&quot;:[]},&quot;row_gap_mobile&quot;:{&quot;unit&quot;:&quot;px&quot;,&quot;size&quot;:&quot;&quot;,&quot;sizes&quot;:[]}}\" data-widget_type=\"loop-grid.post\">\n\t\t\t\t<div class=\"elementor-widget-container\">\n\t\t\t\t\t\t\t<div class=\"e-loop-nothing-found-message\">\n\t\t<\/div>\n\t\t\t\t\t\t<\/div>\n\t\t\t\t<\/div>\n\t\t\t\t\t<\/div>\n\t\t\t\t<\/div>\n\t\t\t\t<\/div>\n\t\t","protected":false},"excerpt":{"rendered":"<p>Our Products Accelerate your transformation with secure, ready\u2011to\u2011use AI products designed to deliver value from day one. Our AI products are designed to offer a simple, sovereign, and immediately useful experience. They are built on proven enterprise use cases, ensuring concrete and measurable value from the moment they are deployed. Thanks to their intuitive design [&hellip;]<\/p>\n","protected":false},"author":4,"featured_media":0,"parent":0,"menu_order":0,"comment_status":"closed","ping_status":"closed","template":"elementor_header_footer","meta":{"_yoast_wpseo_focuskw":"","_yoast_wpseo_title":"","_yoast_wpseo_metadesc":"","_yoast_wpseo_linkdex":"","_yoast_wpseo_content_score":"","_elementor_version":"4.0.8","_elementor_pro_version":"","_elementor_css":null,"footnotes":""},"class_list":["post-2214","page","type-page","status-publish","hentry"],"yoast_head":"<!-- This site is optimized with the Yoast SEO plugin v27.6 - https:\/\/yoast.com\/product\/yoast-seo-wordpress\/ -->\n<title>Our Products - PrismIA<\/title>\n<meta name=\"robots\" content=\"index, follow, max-snippet:-1, max-image-preview:large, max-video-preview:-1\" \/>\n<link rel=\"canonical\" href=\"https:\/\/www.prismia.ch\/en\/our-products\/\" \/>\n<meta property=\"og:locale\" content=\"en_US\" \/>\n<meta property=\"og:type\" content=\"article\" \/>\n<meta property=\"og:title\" content=\"Our Products - PrismIA\" \/>\n<meta property=\"og:description\" content=\"Our Products Accelerate your transformation with secure, ready\u2011to\u2011use AI products designed to deliver value from day one. Our AI products are designed to offer a simple, sovereign, and immediately useful experience. They are built on proven enterprise use cases, ensuring concrete and measurable value from the moment they are deployed. Thanks to their intuitive design [&hellip;]\" \/>\n<meta property=\"og:url\" content=\"https:\/\/www.prismia.ch\/en\/our-products\/\" \/>\n<meta property=\"og:site_name\" content=\"PrismIA\" \/>\n<meta property=\"article:modified_time\" content=\"2026-02-17T16:25:56+00:00\" \/>\n<meta name=\"twitter:card\" content=\"summary_large_image\" \/>\n<script type=\"application\/ld+json\" class=\"yoast-schema-graph\">{\"@context\":\"https:\\\/\\\/schema.org\",\"@graph\":[{\"@type\":\"WebPage\",\"@id\":\"https:\\\/\\\/www.prismia.ch\\\/en\\\/our-products\\\/\",\"url\":\"https:\\\/\\\/www.prismia.ch\\\/en\\\/our-products\\\/\",\"name\":\"Our Products - PrismIA\",\"isPartOf\":{\"@id\":\"https:\\\/\\\/www.prismia.ch\\\/en\\\/#website\"},\"datePublished\":\"2026-01-14T16:43:53+00:00\",\"dateModified\":\"2026-02-17T16:25:56+00:00\",\"breadcrumb\":{\"@id\":\"https:\\\/\\\/www.prismia.ch\\\/en\\\/our-products\\\/#breadcrumb\"},\"inLanguage\":\"en-US\",\"potentialAction\":[{\"@type\":\"ReadAction\",\"target\":[\"https:\\\/\\\/www.prismia.ch\\\/en\\\/our-products\\\/\"]}]},{\"@type\":\"BreadcrumbList\",\"@id\":\"https:\\\/\\\/www.prismia.ch\\\/en\\\/our-products\\\/#breadcrumb\",\"itemListElement\":[{\"@type\":\"ListItem\",\"position\":1,\"name\":\"Accueil\",\"item\":\"https:\\\/\\\/www.prismia.ch\\\/en\\\/\"},{\"@type\":\"ListItem\",\"position\":2,\"name\":\"Our Products\"}]},{\"@type\":\"WebSite\",\"@id\":\"https:\\\/\\\/www.prismia.ch\\\/en\\\/#website\",\"url\":\"https:\\\/\\\/www.prismia.ch\\\/en\\\/\",\"name\":\"PrismIA\",\"description\":\"\",\"publisher\":{\"@id\":\"https:\\\/\\\/www.prismia.ch\\\/en\\\/#organization\"},\"potentialAction\":[{\"@type\":\"SearchAction\",\"target\":{\"@type\":\"EntryPoint\",\"urlTemplate\":\"https:\\\/\\\/www.prismia.ch\\\/en\\\/?s={search_term_string}\"},\"query-input\":{\"@type\":\"PropertyValueSpecification\",\"valueRequired\":true,\"valueName\":\"search_term_string\"}}],\"inLanguage\":\"en-US\"},{\"@type\":[\"Organization\",\"ProfessionalService\"],\"@id\":\"https:\\\/\\\/www.prismia.ch\\\/en\\\/#organization\",\"name\":\"PrismIA S\u00e0rl\",\"url\":\"https:\\\/\\\/www.prismia.ch\\\/en\\\/\",\"logo\":{\"@type\":\"ImageObject\",\"inLanguage\":\"en-US\",\"@id\":\"https:\\\/\\\/www.prismia.ch\\\/en\\\/#\\\/schema\\\/logo\\\/image\\\/\",\"url\":\"https:\\\/\\\/www.prismia.ch\\\/wp-content\\\/uploads\\\/2024\\\/11\\\/PIA_logo_415x90-e1739004471809.webp\",\"contentUrl\":\"https:\\\/\\\/www.prismia.ch\\\/wp-content\\\/uploads\\\/2024\\\/11\\\/PIA_logo_415x90-e1739004471809.webp\",\"width\":200,\"height\":43,\"caption\":\"PrismIA S\u00e0rl\"},\"image\":{\"@id\":\"https:\\\/\\\/www.prismia.ch\\\/en\\\/#\\\/schema\\\/logo\\\/image\\\/\"},\"description\":\"PrismIA est une agence d'intelligence artificielle bas\u00e9e \u00e0 Gen\u00e8ve. Nous accompagnons les PME et grandes entreprises suisses dans l'adoption responsable de l'IA : conseil strat\u00e9gique, formations sur mesure, audit et int\u00e9gration de solutions.\",\"address\":{\"@type\":\"PostalAddress\",\"streetAddress\":\"Chemin Franck-Thomas 34\",\"postalCode\":\"1208\",\"addressLocality\":\"Gen\u00e8ve\",\"addressRegion\":\"GE\",\"addressCountry\":\"CH\"},\"telephone\":\"+41 22 566 94 00\",\"email\":\"info@prismia.ch\",\"geo\":{\"@type\":\"GeoCoordinates\",\"latitude\":46.2007,\"longitude\":6.1755},\"sameAs\":[\"https:\\\/\\\/www.linkedin.com\\\/company\\\/prismia-ch\"],\"areaServed\":[{\"@type\":\"Country\",\"name\":\"Switzerland\"},{\"@type\":\"AdministrativeArea\",\"name\":\"Suisse romande\"},{\"@type\":\"City\",\"name\":\"Gen\u00e8ve\"}],\"knowsAbout\":[\"Intelligence artificielle\",\"Formation IA\",\"Audit IA\",\"Int\u00e9gration IA\",\"Conseil IA\",\"Gouvernance IA\",\"IA g\u00e9n\u00e9rative\",\"Strat\u00e9gie IA\",\"IA en entreprise\",\"IA responsable\"],\"priceRange\":\"$$\",\"openingHoursSpecification\":{\"@type\":\"OpeningHoursSpecification\",\"dayOfWeek\":[\"Monday\",\"Tuesday\",\"Wednesday\",\"Thursday\",\"Friday\"],\"opens\":\"09:00\",\"closes\":\"18:00\"},\"foundingDate\":\"2024\",\"slogan\":\"B\u00e2tissez le futur de votre entreprise avec des solutions IA s\u00e9curis\u00e9es\"}]}<\/script>\n<!-- \/ Yoast SEO plugin. -->","yoast_head_json":{"title":"Our Products - PrismIA","robots":{"index":"index","follow":"follow","max-snippet":"max-snippet:-1","max-image-preview":"max-image-preview:large","max-video-preview":"max-video-preview:-1"},"canonical":"https:\/\/www.prismia.ch\/en\/our-products\/","og_locale":"en_US","og_type":"article","og_title":"Our Products - PrismIA","og_description":"Our Products Accelerate your transformation with secure, ready\u2011to\u2011use AI products designed to deliver value from day one. Our AI products are designed to offer a simple, sovereign, and immediately useful experience. They are built on proven enterprise use cases, ensuring concrete and measurable value from the moment they are deployed. Thanks to their intuitive design [&hellip;]","og_url":"https:\/\/www.prismia.ch\/en\/our-products\/","og_site_name":"PrismIA","article_modified_time":"2026-02-17T16:25:56+00:00","twitter_card":"summary_large_image","schema":{"@context":"https:\/\/schema.org","@graph":[{"@type":"WebPage","@id":"https:\/\/www.prismia.ch\/en\/our-products\/","url":"https:\/\/www.prismia.ch\/en\/our-products\/","name":"Our Products - PrismIA","isPartOf":{"@id":"https:\/\/www.prismia.ch\/en\/#website"},"datePublished":"2026-01-14T16:43:53+00:00","dateModified":"2026-02-17T16:25:56+00:00","breadcrumb":{"@id":"https:\/\/www.prismia.ch\/en\/our-products\/#breadcrumb"},"inLanguage":"en-US","potentialAction":[{"@type":"ReadAction","target":["https:\/\/www.prismia.ch\/en\/our-products\/"]}]},{"@type":"BreadcrumbList","@id":"https:\/\/www.prismia.ch\/en\/our-products\/#breadcrumb","itemListElement":[{"@type":"ListItem","position":1,"name":"Accueil","item":"https:\/\/www.prismia.ch\/en\/"},{"@type":"ListItem","position":2,"name":"Our Products"}]},{"@type":"WebSite","@id":"https:\/\/www.prismia.ch\/en\/#website","url":"https:\/\/www.prismia.ch\/en\/","name":"PrismIA","description":"","publisher":{"@id":"https:\/\/www.prismia.ch\/en\/#organization"},"potentialAction":[{"@type":"SearchAction","target":{"@type":"EntryPoint","urlTemplate":"https:\/\/www.prismia.ch\/en\/?s={search_term_string}"},"query-input":{"@type":"PropertyValueSpecification","valueRequired":true,"valueName":"search_term_string"}}],"inLanguage":"en-US"},{"@type":["Organization","ProfessionalService"],"@id":"https:\/\/www.prismia.ch\/en\/#organization","name":"PrismIA S\u00e0rl","url":"https:\/\/www.prismia.ch\/en\/","logo":{"@type":"ImageObject","inLanguage":"en-US","@id":"https:\/\/www.prismia.ch\/en\/#\/schema\/logo\/image\/","url":"https:\/\/www.prismia.ch\/wp-content\/uploads\/2024\/11\/PIA_logo_415x90-e1739004471809.webp","contentUrl":"https:\/\/www.prismia.ch\/wp-content\/uploads\/2024\/11\/PIA_logo_415x90-e1739004471809.webp","width":200,"height":43,"caption":"PrismIA S\u00e0rl"},"image":{"@id":"https:\/\/www.prismia.ch\/en\/#\/schema\/logo\/image\/"},"description":"PrismIA est une agence d'intelligence artificielle bas\u00e9e \u00e0 Gen\u00e8ve. Nous accompagnons les PME et grandes entreprises suisses dans l'adoption responsable de l'IA : conseil strat\u00e9gique, formations sur mesure, audit et int\u00e9gration de solutions.","address":{"@type":"PostalAddress","streetAddress":"Chemin Franck-Thomas 34","postalCode":"1208","addressLocality":"Gen\u00e8ve","addressRegion":"GE","addressCountry":"CH"},"telephone":"+41 22 566 94 00","email":"info@prismia.ch","geo":{"@type":"GeoCoordinates","latitude":46.2007,"longitude":6.1755},"sameAs":["https:\/\/www.linkedin.com\/company\/prismia-ch"],"areaServed":[{"@type":"Country","name":"Switzerland"},{"@type":"AdministrativeArea","name":"Suisse romande"},{"@type":"City","name":"Gen\u00e8ve"}],"knowsAbout":["Intelligence artificielle","Formation IA","Audit IA","Int\u00e9gration IA","Conseil IA","Gouvernance IA","IA g\u00e9n\u00e9rative","Strat\u00e9gie IA","IA en entreprise","IA responsable"],"priceRange":"$$","openingHoursSpecification":{"@type":"OpeningHoursSpecification","dayOfWeek":["Monday","Tuesday","Wednesday","Thursday","Friday"],"opens":"09:00","closes":"18:00"},"foundingDate":"2024","slogan":"B\u00e2tissez le futur de votre entreprise avec des solutions IA s\u00e9curis\u00e9es"}]}},"jetpack_sharing_enabled":true,"_links":{"self":[{"href":"https:\/\/www.prismia.ch\/en\/wp-json\/wp\/v2\/pages\/2214","targetHints":{"allow":["GET"]}}],"collection":[{"href":"https:\/\/www.prismia.ch\/en\/wp-json\/wp\/v2\/pages"}],"about":[{"href":"https:\/\/www.prismia.ch\/en\/wp-json\/wp\/v2\/types\/page"}],"author":[{"embeddable":true,"href":"https:\/\/www.prismia.ch\/en\/wp-json\/wp\/v2\/users\/4"}],"replies":[{"embeddable":true,"href":"https:\/\/www.prismia.ch\/en\/wp-json\/wp\/v2\/comments?post=2214"}],"version-history":[{"count":1,"href":"https:\/\/www.prismia.ch\/en\/wp-json\/wp\/v2\/pages\/2214\/revisions"}],"predecessor-version":[{"id":2215,"href":"https:\/\/www.prismia.ch\/en\/wp-json\/wp\/v2\/pages\/2214\/revisions\/2215"}],"wp:attachment":[{"href":"https:\/\/www.prismia.ch\/en\/wp-json\/wp\/v2\/media?parent=2214"}],"curies":[{"name":"wp","href":"https:\/\/api.w.org\/{rel}","templated":true}]}}