{"id":1346,"date":"2024-11-13T21:36:02","date_gmt":"2024-11-13T20:36:02","guid":{"rendered":"https:\/\/www.prismia.ch\/contact\/"},"modified":"2026-05-16T14:36:35","modified_gmt":"2026-05-16T13:36:35","slug":"contact","status":"publish","type":"page","link":"https:\/\/www.prismia.ch\/en\/contact\/","title":{"rendered":"Contact"},"content":{"rendered":"\t\t<div data-elementor-type=\"wp-page\" data-elementor-id=\"1346\" class=\"elementor elementor-1346 elementor-576\" data-elementor-post-type=\"page\">\n\t\t\t\t<div class=\"elementor-element elementor-element-21fba90 e-flex e-con-boxed e-con e-parent\" data-id=\"21fba90\" data-element_type=\"container\" data-e-type=\"container\" data-settings=\"{&quot;background_background&quot;:&quot;classic&quot;}\">\n\t\t\t\t\t<div class=\"e-con-inner\">\n\t\t\t\t<div class=\"elementor-element elementor-element-24b4c87 elementor-widget elementor-widget-spacer\" data-id=\"24b4c87\" data-element_type=\"widget\" data-e-type=\"widget\" data-widget_type=\"spacer.default\">\n\t\t\t\t<div class=\"elementor-widget-container\">\n\t\t\t\t\t\t\t<div class=\"elementor-spacer\">\n\t\t\t<div class=\"elementor-spacer-inner\"><\/div>\n\t\t<\/div>\n\t\t\t\t\t\t<\/div>\n\t\t\t\t<\/div>\n\t\t\t\t<div class=\"elementor-element elementor-element-056593c elementor-widget elementor-widget-heading\" data-id=\"056593c\" data-element_type=\"widget\" data-e-type=\"widget\" data-widget_type=\"heading.default\">\n\t\t\t\t<div class=\"elementor-widget-container\">\n\t\t\t\t\t<h1 class=\"elementor-heading-title elementor-size-default\">Contacter PrismIA<\/h1>\t\t\t\t<\/div>\n\t\t\t\t<\/div>\n\t\t\t\t<div class=\"elementor-element elementor-element-299c735 elementor-widget elementor-widget-text-editor\" data-id=\"299c735\" data-element_type=\"widget\" data-e-type=\"widget\" data-widget_type=\"text-editor.default\">\n\t\t\t\t<div class=\"elementor-widget-container\">\n\t\t\t\t\t\t\t\t\t<p>We look forward to sharing our passion for artificial intelligence with you.<\/p>\t\t\t\t\t\t\t\t<\/div>\n\t\t\t\t<\/div>\n\t\t\t\t<div class=\"elementor-element elementor-element-87ae9e1 elementor-widget elementor-widget-spacer\" data-id=\"87ae9e1\" data-element_type=\"widget\" data-e-type=\"widget\" data-widget_type=\"spacer.default\">\n\t\t\t\t<div class=\"elementor-widget-container\">\n\t\t\t\t\t\t\t<div class=\"elementor-spacer\">\n\t\t\t<div class=\"elementor-spacer-inner\"><\/div>\n\t\t<\/div>\n\t\t\t\t\t\t<\/div>\n\t\t\t\t<\/div>\n\t\t\t\t\t<\/div>\n\t\t\t\t<\/div>\n\t\t<div class=\"elementor-element elementor-element-e9eda0e e-flex e-con-boxed e-con e-parent\" data-id=\"e9eda0e\" data-element_type=\"container\" data-e-type=\"container\" data-settings=\"{&quot;background_background&quot;:&quot;classic&quot;}\">\n\t\t\t\t\t<div class=\"e-con-inner\">\n\t\t\t\t<div class=\"elementor-element elementor-element-26cde9f elementor-widget elementor-widget-spacer\" data-id=\"26cde9f\" data-element_type=\"widget\" data-e-type=\"widget\" data-widget_type=\"spacer.default\">\n\t\t\t\t<div class=\"elementor-widget-container\">\n\t\t\t\t\t\t\t<div class=\"elementor-spacer\">\n\t\t\t<div class=\"elementor-spacer-inner\"><\/div>\n\t\t<\/div>\n\t\t\t\t\t\t<\/div>\n\t\t\t\t<\/div>\n\t\t\t\t<div class=\"elementor-element elementor-element-af6db8c elementor-widget elementor-widget-spacer\" data-id=\"af6db8c\" data-element_type=\"widget\" data-e-type=\"widget\" data-widget_type=\"spacer.default\">\n\t\t\t\t<div class=\"elementor-widget-container\">\n\t\t\t\t\t\t\t<div class=\"elementor-spacer\">\n\t\t\t<div class=\"elementor-spacer-inner\"><\/div>\n\t\t<\/div>\n\t\t\t\t\t\t<\/div>\n\t\t\t\t<\/div>\n\t\t\t\t\t<\/div>\n\t\t\t\t<\/div>\n\t\t<div class=\"elementor-element elementor-element-51acbe0 e-flex e-con-boxed e-con e-parent\" data-id=\"51acbe0\" data-element_type=\"container\" data-e-type=\"container\">\n\t\t\t\t\t<div class=\"e-con-inner\">\n\t\t\t\t<div class=\"elementor-element elementor-element-df0ae32 elementor-widget elementor-widget-spacer\" data-id=\"df0ae32\" data-element_type=\"widget\" data-e-type=\"widget\" data-widget_type=\"spacer.default\">\n\t\t\t\t<div class=\"elementor-widget-container\">\n\t\t\t\t\t\t\t<div class=\"elementor-spacer\">\n\t\t\t<div class=\"elementor-spacer-inner\"><\/div>\n\t\t<\/div>\n\t\t\t\t\t\t<\/div>\n\t\t\t\t<\/div>\n\t\t\t\t<div class=\"elementor-element elementor-element-7911ca9 elementor-widget elementor-widget-text-editor\" data-id=\"7911ca9\" data-element_type=\"widget\" data-e-type=\"widget\" data-widget_type=\"text-editor.default\">\n\t\t\t\t<div class=\"elementor-widget-container\">\n\t\t\t\t\t\t\t\t\t<p><b>PrismIA S\u00e0rl<\/b><br>Ch. Franck-Thomas 34, 1208 Geneva<br>Telephone: +41 22 552 00 00<br><a href=\"mailto:info@prismia.ch\">info@prismia.ch<\/a><\/p>\t\t\t\t\t\t\t\t<\/div>\n\t\t\t\t<\/div>\n\t\t\t\t<div class=\"elementor-element elementor-element-a4fa627 elementor-widget elementor-widget-spacer\" data-id=\"a4fa627\" data-element_type=\"widget\" data-e-type=\"widget\" data-widget_type=\"spacer.default\">\n\t\t\t\t<div class=\"elementor-widget-container\">\n\t\t\t\t\t\t\t<div class=\"elementor-spacer\">\n\t\t\t<div class=\"elementor-spacer-inner\"><\/div>\n\t\t<\/div>\n\t\t\t\t\t\t<\/div>\n\t\t\t\t<\/div>\n\t\t\t\t<div class=\"elementor-element elementor-element-505a447 elementor-widget elementor-widget-heading\" data-id=\"505a447\" data-element_type=\"widget\" data-e-type=\"widget\" data-widget_type=\"heading.default\">\n\t\t\t\t<div class=\"elementor-widget-container\">\n\t\t\t\t\t<h2 class=\"elementor-heading-title elementor-size-default\">Write us<\/h2>\t\t\t\t<\/div>\n\t\t\t\t<\/div>\n\t\t\t\t<div class=\"elementor-element elementor-element-d6c4539 elementor-button-align-start elementor-widget elementor-widget-form\" data-id=\"d6c4539\" data-element_type=\"widget\" data-e-type=\"widget\" data-settings=\"{&quot;step_next_label&quot;:&quot;Next&quot;,&quot;step_previous_label&quot;:&quot;Previous&quot;,&quot;step_type&quot;:&quot;number_text&quot;,&quot;step_icon_shape&quot;:&quot;circle&quot;}\" data-widget_type=\"form.default\">\n\t\t\t\t<div class=\"elementor-widget-container\">\n\t\t\t\t\t\t\t<form class=\"elementor-form\" method=\"post\" name=\"Contact\" aria-label=\"Contact\">\n\t\t\t<input type=\"hidden\" name=\"post_id\" value=\"1346\"\/>\n\t\t\t<input type=\"hidden\" name=\"form_id\" value=\"d6c4539\"\/>\n\t\t\t<input type=\"hidden\" name=\"referer_title\" value=\"Contact PrismIA for your artificial intelligence projects\" \/>\n\n\t\t\t\t\t\t\t<input type=\"hidden\" name=\"queried_id\" value=\"1346\"\/>\n\t\t\t\n\t\t\t<div class=\"elementor-form-fields-wrapper elementor-labels-\">\n\t\t\t\t\t\t\t\t<div class=\"elementor-field-type-text elementor-field-group elementor-column elementor-field-group-firstname elementor-col-100 elementor-field-required\">\n\t\t\t\t\t\t\t\t\t\t\t\t<label for=\"form-field-firstname\" class=\"elementor-field-label elementor-screen-only\">\n\t\t\t\t\t\t\t\tFirst name\t\t\t\t\t\t\t<\/label>\n\t\t\t\t\t\t\t\t\t\t\t\t\t\t<input size=\"1\" type=\"text\" name=\"form_fields[firstname]\" id=\"form-field-firstname\" class=\"elementor-field elementor-size-md  elementor-field-textual\" placeholder=\"First name\" required=\"required\">\n\t\t\t\t\t\t\t\t\t\t\t<\/div>\n\t\t\t\t\t\t\t\t<div class=\"elementor-field-type-text elementor-field-group elementor-column elementor-field-group-name elementor-col-100 elementor-field-required\">\n\t\t\t\t\t\t\t\t\t\t\t\t<label for=\"form-field-name\" class=\"elementor-field-label elementor-screen-only\">\n\t\t\t\t\t\t\t\tName\t\t\t\t\t\t\t<\/label>\n\t\t\t\t\t\t\t\t\t\t\t\t\t\t<input size=\"1\" type=\"text\" name=\"form_fields[name]\" id=\"form-field-name\" class=\"elementor-field elementor-size-md  elementor-field-textual\" placeholder=\"Name\" required=\"required\">\n\t\t\t\t\t\t\t\t\t\t\t<\/div>\n\t\t\t\t\t\t\t\t<div class=\"elementor-field-type-email elementor-field-group elementor-column elementor-field-group-email elementor-col-100\">\n\t\t\t\t\t\t\t\t\t\t\t\t<label for=\"form-field-email\" class=\"elementor-field-label elementor-screen-only\">\n\t\t\t\t\t\t\t\tE-mail\t\t\t\t\t\t\t<\/label>\n\t\t\t\t\t\t\t\t\t\t\t\t\t\t<input size=\"1\" type=\"email\" name=\"form_fields[email]\" id=\"form-field-email\" class=\"elementor-field elementor-size-md  elementor-field-textual\" placeholder=\"e-mail\">\n\t\t\t\t\t\t\t\t\t\t\t<\/div>\n\t\t\t\t\t\t\t\t<div class=\"elementor-field-type-tel elementor-field-group elementor-column elementor-field-group-phone elementor-col-100 elementor-field-required\">\n\t\t\t\t\t\t\t\t\t\t\t\t<label for=\"form-field-phone\" class=\"elementor-field-label elementor-screen-only\">\n\t\t\t\t\t\t\t\tPhone\t\t\t\t\t\t\t<\/label>\n\t\t\t\t\t\t\t\t<input size=\"1\" type=\"tel\" name=\"form_fields[phone]\" id=\"form-field-phone\" class=\"elementor-field elementor-size-md  elementor-field-textual\" placeholder=\"Phone\" required=\"required\" pattern=\"[0-9()#&amp;+*-=.]+\" title=\"Only numbers and phone characters (#, -, *, etc) are accepted.\">\n\n\t\t\t\t\t\t<\/div>\n\t\t\t\t\t\t\t\t<div class=\"elementor-field-type-text elementor-field-group elementor-column elementor-field-group-company elementor-col-100 elementor-field-required\">\n\t\t\t\t\t\t\t\t\t\t\t\t<label for=\"form-field-company\" class=\"elementor-field-label elementor-screen-only\">\n\t\t\t\t\t\t\t\tCompany\t\t\t\t\t\t\t<\/label>\n\t\t\t\t\t\t\t\t\t\t\t\t\t\t<input size=\"1\" type=\"text\" name=\"form_fields[company]\" id=\"form-field-company\" class=\"elementor-field elementor-size-md  elementor-field-textual\" placeholder=\"Company\" required=\"required\">\n\t\t\t\t\t\t\t\t\t\t\t<\/div>\n\t\t\t\t\t\t\t\t<div class=\"elementor-field-type-textarea elementor-field-group elementor-column elementor-field-group-message elementor-col-100 elementor-field-required\">\n\t\t\t\t\t\t\t\t\t\t\t\t<label for=\"form-field-message\" class=\"elementor-field-label elementor-screen-only\">\n\t\t\t\t\t\t\t\tMessage\t\t\t\t\t\t\t<\/label>\n\t\t\t\t\t\t<textarea class=\"elementor-field-textual elementor-field  elementor-size-md\" name=\"form_fields[message]\" id=\"form-field-message\" rows=\"4\" placeholder=\"Message\" required=\"required\"><\/textarea>\t\t\t\t<\/div>\n\t\t\t\t\t\t\t\t<div class=\"elementor-field-type-acceptance elementor-field-group elementor-column elementor-field-group-consent elementor-col-100 elementor-field-required\">\n\t\t\t\t\t\t\t\t\t\t\t\t<label for=\"form-field-consent\" class=\"elementor-field-label elementor-screen-only\">\n\t\t\t\t\t\t\t\tConsent\t\t\t\t\t\t\t<\/label>\n\t\t\t\t\t\t\t\t<div class=\"elementor-field-subgroup\">\n\t\t\t<span class=\"elementor-field-option\">\n\t\t\t\t<input type=\"checkbox\" name=\"form_fields[consent]\" id=\"form-field-consent\" class=\"elementor-field elementor-size-md  elementor-acceptance-field\" required=\"required\">\n\t\t\t\t<label for=\"form-field-consent\">I accept the <a href=\"\/privacy\">privacy policy<\/a><\/label>\t\t\t<\/span>\n\t\t<\/div>\n\t\t\t\t\t\t<\/div>\n\t\t\t\t\t\t\t\t<div class=\"elementor-field-type-recaptcha_v3 elementor-field-group elementor-column elementor-field-group-field_3d28b65 elementor-col-100 recaptcha_v3-bottomright\">\n\t\t\t\t\t<div class=\"elementor-field\" id=\"form-field-field_3d28b65\"><div class=\"elementor-g-recaptcha\" data-sitekey=\"6LcDHYEqAAAAAIrLerAEUwyBoJ24X7R8zyWmlDuC\" data-type=\"v3\" data-action=\"Form\" data-badge=\"bottomright\" data-size=\"invisible\"><\/div><\/div>\t\t\t\t<\/div>\n\t\t\t\t\t\t\t\t<div class=\"elementor-field-group elementor-column elementor-field-type-submit elementor-col-100 e-form__buttons\">\n\t\t\t\t\t<button class=\"elementor-button elementor-size-md\" type=\"submit\">\n\t\t\t\t\t\t<span class=\"elementor-button-content-wrapper\">\n\t\t\t\t\t\t\t\t\t\t\t\t\t\t\t\t\t\t\t\t\t\t<span class=\"elementor-button-text\">Send<\/span>\n\t\t\t\t\t\t\t\t\t\t\t\t\t<\/span>\n\t\t\t\t\t<\/button>\n\t\t\t\t<\/div>\n\t\t\t<\/div>\n\t\t<\/form>\n\t\t\t\t\t\t<\/div>\n\t\t\t\t<\/div>\n\t\t\t\t<div class=\"elementor-element elementor-element-3e93ca1 elementor-widget elementor-widget-spacer\" data-id=\"3e93ca1\" data-element_type=\"widget\" data-e-type=\"widget\" data-widget_type=\"spacer.default\">\n\t\t\t\t<div class=\"elementor-widget-container\">\n\t\t\t\t\t\t\t<div class=\"elementor-spacer\">\n\t\t\t<div class=\"elementor-spacer-inner\"><\/div>\n\t\t<\/div>\n\t\t\t\t\t\t<\/div>\n\t\t\t\t<\/div>\n\t\t\t\t\t<\/div>\n\t\t\t\t<\/div>\n\t\t\t\t<\/div>\n\t\t","protected":false},"excerpt":{"rendered":"<p>We look forward to sharing our passion for artificial intelligence with you! At PrismIA S\u00e0rl, we believe that technological innovation can transform our daily lives and open up new perspectives. Based in Geneva, our team of experts is ready to support you in your projects and help you discover the latest advances in AI. Whether you&#8217;re a company looking for tailor-made solutions or an enthusiast keen to learn more, we have something to offer you. Contact us to explore the infinite possibilities of artificial intelligence!<\/p>\n","protected":false},"author":1,"featured_media":0,"parent":0,"menu_order":0,"comment_status":"closed","ping_status":"closed","template":"elementor_header_footer","meta":{"_yoast_wpseo_focuskw":"Contact PrismIA for your artificial intelligence projects","_yoast_wpseo_title":"Contact PrismIA for your artificial intelligence projects","_yoast_wpseo_metadesc":"Contact PrismIA for your artificial intelligence projects. Our experts are at your side. Let's talk about it!","_yoast_wpseo_linkdex":"","_yoast_wpseo_content_score":"","_elementor_version":"4.0.8","_elementor_pro_version":"4.0.4","_elementor_css":null,"footnotes":""},"class_list":["post-1346","page","type-page","status-publish","hentry"],"yoast_head":"<!-- This site is optimized with the Yoast SEO plugin v27.6 - https:\/\/yoast.com\/product\/yoast-seo-wordpress\/ -->\n<title>Contact PrismIA for your artificial intelligence projects<\/title>\n<meta name=\"description\" content=\"Contact PrismIA for your artificial intelligence projects. Our experts are at your side. Let&#039;s talk about it!\" \/>\n<meta name=\"robots\" content=\"index, follow, max-snippet:-1, max-image-preview:large, max-video-preview:-1\" \/>\n<link rel=\"canonical\" href=\"https:\/\/www.prismia.ch\/en\/contact\/\" \/>\n<meta property=\"og:locale\" content=\"en_US\" \/>\n<meta property=\"og:type\" content=\"article\" \/>\n<meta property=\"og:title\" content=\"Contact PrismIA for your artificial intelligence projects\" \/>\n<meta property=\"og:description\" content=\"Contact PrismIA for your artificial intelligence projects. Our experts are at your side. Let&#039;s talk about it!\" \/>\n<meta property=\"og:url\" content=\"https:\/\/www.prismia.ch\/en\/contact\/\" \/>\n<meta property=\"og:site_name\" content=\"PrismIA\" \/>\n<meta property=\"article:modified_time\" content=\"2026-05-16T13:36:35+00:00\" \/>\n<meta name=\"twitter:card\" content=\"summary_large_image\" \/>\n<script type=\"application\/ld+json\" class=\"yoast-schema-graph\">{\"@context\":\"https:\\\/\\\/schema.org\",\"@graph\":[{\"@type\":\"WebPage\",\"@id\":\"https:\\\/\\\/www.prismia.ch\\\/en\\\/contact\\\/\",\"url\":\"https:\\\/\\\/www.prismia.ch\\\/en\\\/contact\\\/\",\"name\":\"Contact PrismIA for your artificial intelligence projects\",\"isPartOf\":{\"@id\":\"https:\\\/\\\/www.prismia.ch\\\/en\\\/#website\"},\"datePublished\":\"2024-11-13T20:36:02+00:00\",\"dateModified\":\"2026-05-16T13:36:35+00:00\",\"description\":\"Contact PrismIA for your artificial intelligence projects. Our experts are at your side. Let's talk about it!\",\"breadcrumb\":{\"@id\":\"https:\\\/\\\/www.prismia.ch\\\/en\\\/contact\\\/#breadcrumb\"},\"inLanguage\":\"en-US\",\"potentialAction\":[{\"@type\":\"ReadAction\",\"target\":[\"https:\\\/\\\/www.prismia.ch\\\/en\\\/contact\\\/\"]}]},{\"@type\":\"BreadcrumbList\",\"@id\":\"https:\\\/\\\/www.prismia.ch\\\/en\\\/contact\\\/#breadcrumb\",\"itemListElement\":[{\"@type\":\"ListItem\",\"position\":1,\"name\":\"Accueil\",\"item\":\"https:\\\/\\\/www.prismia.ch\\\/en\\\/home\\\/\"},{\"@type\":\"ListItem\",\"position\":2,\"name\":\"Contact\"}]},{\"@type\":\"WebSite\",\"@id\":\"https:\\\/\\\/www.prismia.ch\\\/en\\\/#website\",\"url\":\"https:\\\/\\\/www.prismia.ch\\\/en\\\/\",\"name\":\"PrismIA\",\"description\":\"\",\"publisher\":{\"@id\":\"https:\\\/\\\/www.prismia.ch\\\/en\\\/#organization\"},\"potentialAction\":[{\"@type\":\"SearchAction\",\"target\":{\"@type\":\"EntryPoint\",\"urlTemplate\":\"https:\\\/\\\/www.prismia.ch\\\/en\\\/?s={search_term_string}\"},\"query-input\":{\"@type\":\"PropertyValueSpecification\",\"valueRequired\":true,\"valueName\":\"search_term_string\"}}],\"inLanguage\":\"en-US\"},{\"@type\":[\"Organization\",\"ProfessionalService\"],\"@id\":\"https:\\\/\\\/www.prismia.ch\\\/en\\\/#organization\",\"name\":\"PrismIA S\u00e0rl\",\"url\":\"https:\\\/\\\/www.prismia.ch\\\/en\\\/\",\"logo\":{\"@type\":\"ImageObject\",\"inLanguage\":\"en-US\",\"@id\":\"https:\\\/\\\/www.prismia.ch\\\/en\\\/#\\\/schema\\\/logo\\\/image\\\/\",\"url\":\"https:\\\/\\\/www.prismia.ch\\\/wp-content\\\/uploads\\\/2024\\\/11\\\/PIA_logo_415x90-e1739004471809.webp\",\"contentUrl\":\"https:\\\/\\\/www.prismia.ch\\\/wp-content\\\/uploads\\\/2024\\\/11\\\/PIA_logo_415x90-e1739004471809.webp\",\"width\":200,\"height\":43,\"caption\":\"PrismIA S\u00e0rl\"},\"image\":{\"@id\":\"https:\\\/\\\/www.prismia.ch\\\/en\\\/#\\\/schema\\\/logo\\\/image\\\/\"},\"description\":\"PrismIA est une agence d'intelligence artificielle bas\u00e9e \u00e0 Gen\u00e8ve. Nous accompagnons les PME et grandes entreprises suisses dans l'adoption responsable de l'IA : conseil strat\u00e9gique, formations sur mesure, audit et int\u00e9gration de solutions.\",\"address\":{\"@type\":\"PostalAddress\",\"streetAddress\":\"Chemin Franck-Thomas 34\",\"postalCode\":\"1208\",\"addressLocality\":\"Gen\u00e8ve\",\"addressRegion\":\"GE\",\"addressCountry\":\"CH\"},\"telephone\":\"+41 22 566 94 00\",\"email\":\"info@prismia.ch\",\"geo\":{\"@type\":\"GeoCoordinates\",\"latitude\":46.203807649278424,\"longitude\":6.1732832963451445},\"sameAs\":[\"https:\\\/\\\/www.linkedin.com\\\/company\\\/prismia-ch\"],\"areaServed\":[{\"@type\":\"Country\",\"name\":\"Switzerland\"},{\"@type\":\"AdministrativeArea\",\"name\":\"Suisse romande\"},{\"@type\":\"City\",\"name\":\"Gen\u00e8ve\"}],\"knowsAbout\":[\"Intelligence artificielle\",\"Formation IA\",\"Audit IA\",\"Int\u00e9gration IA\",\"Conseil IA\",\"Gouvernance IA\",\"IA g\u00e9n\u00e9rative\",\"Strat\u00e9gie IA\",\"IA en entreprise\",\"IA responsable\"],\"priceRange\":\"$$\",\"openingHoursSpecification\":{\"@type\":\"OpeningHoursSpecification\",\"dayOfWeek\":[\"Monday\",\"Tuesday\",\"Wednesday\",\"Thursday\",\"Friday\"],\"opens\":\"09:00\",\"closes\":\"18:00\"},\"foundingDate\":\"2024\",\"slogan\":\"B\u00e2tissez le futur de votre entreprise avec des solutions IA s\u00e9curis\u00e9es\"}]}<\/script>\n<!-- \/ Yoast SEO plugin. -->","yoast_head_json":{"title":"Contact PrismIA for your artificial intelligence projects","description":"Contact PrismIA for your artificial intelligence projects. Our experts are at your side. Let's talk about it!","robots":{"index":"index","follow":"follow","max-snippet":"max-snippet:-1","max-image-preview":"max-image-preview:large","max-video-preview":"max-video-preview:-1"},"canonical":"https:\/\/www.prismia.ch\/en\/contact\/","og_locale":"en_US","og_type":"article","og_title":"Contact PrismIA for your artificial intelligence projects","og_description":"Contact PrismIA for your artificial intelligence projects. Our experts are at your side. Let's talk about it!","og_url":"https:\/\/www.prismia.ch\/en\/contact\/","og_site_name":"PrismIA","article_modified_time":"2026-05-16T13:36:35+00:00","twitter_card":"summary_large_image","schema":{"@context":"https:\/\/schema.org","@graph":[{"@type":"WebPage","@id":"https:\/\/www.prismia.ch\/en\/contact\/","url":"https:\/\/www.prismia.ch\/en\/contact\/","name":"Contact PrismIA for your artificial intelligence projects","isPartOf":{"@id":"https:\/\/www.prismia.ch\/en\/#website"},"datePublished":"2024-11-13T20:36:02+00:00","dateModified":"2026-05-16T13:36:35+00:00","description":"Contact PrismIA for your artificial intelligence projects. Our experts are at your side. Let's talk about it!","breadcrumb":{"@id":"https:\/\/www.prismia.ch\/en\/contact\/#breadcrumb"},"inLanguage":"en-US","potentialAction":[{"@type":"ReadAction","target":["https:\/\/www.prismia.ch\/en\/contact\/"]}]},{"@type":"BreadcrumbList","@id":"https:\/\/www.prismia.ch\/en\/contact\/#breadcrumb","itemListElement":[{"@type":"ListItem","position":1,"name":"Accueil","item":"https:\/\/www.prismia.ch\/en\/home\/"},{"@type":"ListItem","position":2,"name":"Contact"}]},{"@type":"WebSite","@id":"https:\/\/www.prismia.ch\/en\/#website","url":"https:\/\/www.prismia.ch\/en\/","name":"PrismIA","description":"","publisher":{"@id":"https:\/\/www.prismia.ch\/en\/#organization"},"potentialAction":[{"@type":"SearchAction","target":{"@type":"EntryPoint","urlTemplate":"https:\/\/www.prismia.ch\/en\/?s={search_term_string}"},"query-input":{"@type":"PropertyValueSpecification","valueRequired":true,"valueName":"search_term_string"}}],"inLanguage":"en-US"},{"@type":["Organization","ProfessionalService"],"@id":"https:\/\/www.prismia.ch\/en\/#organization","name":"PrismIA S\u00e0rl","url":"https:\/\/www.prismia.ch\/en\/","logo":{"@type":"ImageObject","inLanguage":"en-US","@id":"https:\/\/www.prismia.ch\/en\/#\/schema\/logo\/image\/","url":"https:\/\/www.prismia.ch\/wp-content\/uploads\/2024\/11\/PIA_logo_415x90-e1739004471809.webp","contentUrl":"https:\/\/www.prismia.ch\/wp-content\/uploads\/2024\/11\/PIA_logo_415x90-e1739004471809.webp","width":200,"height":43,"caption":"PrismIA S\u00e0rl"},"image":{"@id":"https:\/\/www.prismia.ch\/en\/#\/schema\/logo\/image\/"},"description":"PrismIA est une agence d'intelligence artificielle bas\u00e9e \u00e0 Gen\u00e8ve. Nous accompagnons les PME et grandes entreprises suisses dans l'adoption responsable de l'IA : conseil strat\u00e9gique, formations sur mesure, audit et int\u00e9gration de solutions.","address":{"@type":"PostalAddress","streetAddress":"Chemin Franck-Thomas 34","postalCode":"1208","addressLocality":"Gen\u00e8ve","addressRegion":"GE","addressCountry":"CH"},"telephone":"+41 22 566 94 00","email":"info@prismia.ch","geo":{"@type":"GeoCoordinates","latitude":46.203807649278424,"longitude":6.1732832963451445},"sameAs":["https:\/\/www.linkedin.com\/company\/prismia-ch"],"areaServed":[{"@type":"Country","name":"Switzerland"},{"@type":"AdministrativeArea","name":"Suisse romande"},{"@type":"City","name":"Gen\u00e8ve"}],"knowsAbout":["Intelligence artificielle","Formation IA","Audit IA","Int\u00e9gration IA","Conseil IA","Gouvernance IA","IA g\u00e9n\u00e9rative","Strat\u00e9gie IA","IA en entreprise","IA responsable"],"priceRange":"$$","openingHoursSpecification":{"@type":"OpeningHoursSpecification","dayOfWeek":["Monday","Tuesday","Wednesday","Thursday","Friday"],"opens":"09:00","closes":"18:00"},"foundingDate":"2024","slogan":"B\u00e2tissez le futur de votre entreprise avec des solutions IA s\u00e9curis\u00e9es"}]}},"jetpack_sharing_enabled":true,"_links":{"self":[{"href":"https:\/\/www.prismia.ch\/en\/wp-json\/wp\/v2\/pages\/1346","targetHints":{"allow":["GET"]}}],"collection":[{"href":"https:\/\/www.prismia.ch\/en\/wp-json\/wp\/v2\/pages"}],"about":[{"href":"https:\/\/www.prismia.ch\/en\/wp-json\/wp\/v2\/types\/page"}],"author":[{"embeddable":true,"href":"https:\/\/www.prismia.ch\/en\/wp-json\/wp\/v2\/users\/1"}],"replies":[{"embeddable":true,"href":"https:\/\/www.prismia.ch\/en\/wp-json\/wp\/v2\/comments?post=1346"}],"version-history":[{"count":5,"href":"https:\/\/www.prismia.ch\/en\/wp-json\/wp\/v2\/pages\/1346\/revisions"}],"predecessor-version":[{"id":2745,"href":"https:\/\/www.prismia.ch\/en\/wp-json\/wp\/v2\/pages\/1346\/revisions\/2745"}],"wp:attachment":[{"href":"https:\/\/www.prismia.ch\/en\/wp-json\/wp\/v2\/media?parent=1346"}],"curies":[{"name":"wp","href":"https:\/\/api.w.org\/{rel}","templated":true}]}}